{"id":2236,"date":"2021-08-02T06:42:52","date_gmt":"2021-08-02T06:42:52","guid":{"rendered":"https:\/\/hostalrm.com\/cancellation-policy\/"},"modified":"2021-08-17T17:03:21","modified_gmt":"2021-08-17T17:03:21","slug":"conditions-dannulation","status":"publish","type":"page","link":"https:\/\/hostalrm.com\/fr\/conditions-dannulation\/","title":{"rendered":"Conditions d&rsquo;annulation"},"content":{"rendered":"<div class=\"wpb-content-wrapper\"><p>[vc_row][vc_column][vc_column_text]<strong>Tarif flexible 48h (exclusif site web) :<\/strong> Vous pouvez annuler ou modifier votre r\u00e9servation 48h avant la date d&rsquo;arriv\u00e9e sans frais. Apr\u00e8s cette p\u00e9riode, si vous annulez ou modifiez votre r\u00e9servation ou en cas de non-pr\u00e9sentation, le montant total de la r\u00e9servation sera factur\u00e9.<\/p>\n<p>Hostal Real Maqueda n&rsquo;est pas responsable des frais de relogement du client en cas de non-pr\u00e9sentation ou de modification de la r\u00e9servation.<\/p>\n<p><strong>Tarif non remboursable :<\/strong> le montant total sera factur\u00e9 au moment de la r\u00e9servation. Il n&rsquo;y a aucune possibilit\u00e9 de remboursement en cas d&rsquo;annulation ou de modification.<\/p>\n<p>Hostal Real Maqueda n&rsquo;est pas responsable des frais de relogement du client en cas de non-pr\u00e9sentation ou de modification de la r\u00e9servation.[\/vc_column_text][\/vc_column][\/vc_row]<\/p>\n<\/div>","protected":false},"excerpt":{"rendered":"<p>[vc_row][vc_column][vc_column_text]Tarif flexible 48h (exclusif site web) : Vous pouvez annuler ou modifier votre r\u00e9servation 48h avant la date d&rsquo;arriv\u00e9e sans frais. Apr\u00e8s cette p\u00e9riode, si vous annulez ou modifiez votre r\u00e9servation ou en cas de non-pr\u00e9sentation, le montant total de la r\u00e9servation sera factur\u00e9. Hostal Real Maqueda n&rsquo;est pas responsable des frais de relogement du&hellip;<\/p>\n","protected":false},"author":1,"featured_media":0,"parent":0,"menu_order":0,"comment_status":"closed","ping_status":"closed","template":"","meta":{"footnotes":""},"class_list":["post-2236","page","type-page","status-publish","hentry","description-off"],"yoast_head":"<!-- This site is optimized with the Yoast SEO plugin v26.9 - https:\/\/yoast.com\/product\/yoast-seo-wordpress\/ -->\n<title>Conditions d&#039;annulation - Hostal Real Maqueda<\/title>\n<meta name=\"robots\" content=\"index, follow, max-snippet:-1, max-image-preview:large, max-video-preview:-1\" \/>\n<link rel=\"canonical\" href=\"https:\/\/hostalrm.com\/fr\/conditions-dannulation\/\" \/>\n<meta property=\"og:locale\" content=\"fr_FR\" \/>\n<meta property=\"og:type\" content=\"article\" \/>\n<meta property=\"og:title\" content=\"Conditions d&#039;annulation - Hostal Real Maqueda\" \/>\n<meta property=\"og:description\" content=\"[vc_row][vc_column][vc_column_text]Tarif flexible 48h (exclusif site web) : Vous pouvez annuler ou modifier votre r\u00e9servation 48h avant la date d&rsquo;arriv\u00e9e sans frais. Apr\u00e8s cette p\u00e9riode, si vous annulez ou modifiez votre r\u00e9servation ou en cas de non-pr\u00e9sentation, le montant total de la r\u00e9servation sera factur\u00e9. Hostal Real Maqueda n&rsquo;est pas responsable des frais de relogement du&hellip;\" \/>\n<meta property=\"og:url\" content=\"https:\/\/hostalrm.com\/fr\/conditions-dannulation\/\" \/>\n<meta property=\"og:site_name\" content=\"Hostal Real Maqueda\" \/>\n<meta property=\"article:modified_time\" content=\"2021-08-17T17:03:21+00:00\" \/>\n<meta name=\"twitter:card\" content=\"summary_large_image\" \/>\n<meta name=\"twitter:label1\" content=\"Dur\u00e9e de lecture estim\u00e9e\" \/>\n\t<meta name=\"twitter:data1\" content=\"1 minute\" \/>\n<script type=\"application\/ld+json\" class=\"yoast-schema-graph\">{\"@context\":\"https:\/\/schema.org\",\"@graph\":[{\"@type\":\"WebPage\",\"@id\":\"https:\/\/hostalrm.com\/fr\/conditions-dannulation\/\",\"url\":\"https:\/\/hostalrm.com\/fr\/conditions-dannulation\/\",\"name\":\"Conditions d'annulation - Hostal Real Maqueda\",\"isPartOf\":{\"@id\":\"https:\/\/hostalrm.com\/fr\/#website\"},\"datePublished\":\"2021-08-02T06:42:52+00:00\",\"dateModified\":\"2021-08-17T17:03:21+00:00\",\"breadcrumb\":{\"@id\":\"https:\/\/hostalrm.com\/fr\/conditions-dannulation\/#breadcrumb\"},\"inLanguage\":\"fr-FR\",\"potentialAction\":[{\"@type\":\"ReadAction\",\"target\":[\"https:\/\/hostalrm.com\/fr\/conditions-dannulation\/\"]}]},{\"@type\":\"BreadcrumbList\",\"@id\":\"https:\/\/hostalrm.com\/fr\/conditions-dannulation\/#breadcrumb\",\"itemListElement\":[{\"@type\":\"ListItem\",\"position\":1,\"name\":\"Portada\",\"item\":\"https:\/\/hostalrm.com\/fr\/\"},{\"@type\":\"ListItem\",\"position\":2,\"name\":\"Conditions d&rsquo;annulation\"}]},{\"@type\":\"WebSite\",\"@id\":\"https:\/\/hostalrm.com\/fr\/#website\",\"url\":\"https:\/\/hostalrm.com\/fr\/\",\"name\":\"Hostal Real Maqueda\",\"description\":\"Hostal Real Maqueda en M\u00e1laga\",\"potentialAction\":[{\"@type\":\"SearchAction\",\"target\":{\"@type\":\"EntryPoint\",\"urlTemplate\":\"https:\/\/hostalrm.com\/fr\/?s={search_term_string}\"},\"query-input\":{\"@type\":\"PropertyValueSpecification\",\"valueRequired\":true,\"valueName\":\"search_term_string\"}}],\"inLanguage\":\"fr-FR\"}]}<\/script>\n<!-- \/ Yoast SEO plugin. -->","yoast_head_json":{"title":"Conditions d'annulation - Hostal Real Maqueda","robots":{"index":"index","follow":"follow","max-snippet":"max-snippet:-1","max-image-preview":"max-image-preview:large","max-video-preview":"max-video-preview:-1"},"canonical":"https:\/\/hostalrm.com\/fr\/conditions-dannulation\/","og_locale":"fr_FR","og_type":"article","og_title":"Conditions d'annulation - Hostal Real Maqueda","og_description":"[vc_row][vc_column][vc_column_text]Tarif flexible 48h (exclusif site web) : Vous pouvez annuler ou modifier votre r\u00e9servation 48h avant la date d&rsquo;arriv\u00e9e sans frais. Apr\u00e8s cette p\u00e9riode, si vous annulez ou modifiez votre r\u00e9servation ou en cas de non-pr\u00e9sentation, le montant total de la r\u00e9servation sera factur\u00e9. Hostal Real Maqueda n&rsquo;est pas responsable des frais de relogement du&hellip;","og_url":"https:\/\/hostalrm.com\/fr\/conditions-dannulation\/","og_site_name":"Hostal Real Maqueda","article_modified_time":"2021-08-17T17:03:21+00:00","twitter_card":"summary_large_image","twitter_misc":{"Dur\u00e9e de lecture estim\u00e9e":"1 minute"},"schema":{"@context":"https:\/\/schema.org","@graph":[{"@type":"WebPage","@id":"https:\/\/hostalrm.com\/fr\/conditions-dannulation\/","url":"https:\/\/hostalrm.com\/fr\/conditions-dannulation\/","name":"Conditions d'annulation - Hostal Real Maqueda","isPartOf":{"@id":"https:\/\/hostalrm.com\/fr\/#website"},"datePublished":"2021-08-02T06:42:52+00:00","dateModified":"2021-08-17T17:03:21+00:00","breadcrumb":{"@id":"https:\/\/hostalrm.com\/fr\/conditions-dannulation\/#breadcrumb"},"inLanguage":"fr-FR","potentialAction":[{"@type":"ReadAction","target":["https:\/\/hostalrm.com\/fr\/conditions-dannulation\/"]}]},{"@type":"BreadcrumbList","@id":"https:\/\/hostalrm.com\/fr\/conditions-dannulation\/#breadcrumb","itemListElement":[{"@type":"ListItem","position":1,"name":"Portada","item":"https:\/\/hostalrm.com\/fr\/"},{"@type":"ListItem","position":2,"name":"Conditions d&rsquo;annulation"}]},{"@type":"WebSite","@id":"https:\/\/hostalrm.com\/fr\/#website","url":"https:\/\/hostalrm.com\/fr\/","name":"Hostal Real Maqueda","description":"Hostal Real Maqueda en M\u00e1laga","potentialAction":[{"@type":"SearchAction","target":{"@type":"EntryPoint","urlTemplate":"https:\/\/hostalrm.com\/fr\/?s={search_term_string}"},"query-input":{"@type":"PropertyValueSpecification","valueRequired":true,"valueName":"search_term_string"}}],"inLanguage":"fr-FR"}]}},"_links":{"self":[{"href":"https:\/\/hostalrm.com\/fr\/wp-json\/wp\/v2\/pages\/2236","targetHints":{"allow":["GET"]}}],"collection":[{"href":"https:\/\/hostalrm.com\/fr\/wp-json\/wp\/v2\/pages"}],"about":[{"href":"https:\/\/hostalrm.com\/fr\/wp-json\/wp\/v2\/types\/page"}],"author":[{"embeddable":true,"href":"https:\/\/hostalrm.com\/fr\/wp-json\/wp\/v2\/users\/1"}],"replies":[{"embeddable":true,"href":"https:\/\/hostalrm.com\/fr\/wp-json\/wp\/v2\/comments?post=2236"}],"version-history":[{"count":0,"href":"https:\/\/hostalrm.com\/fr\/wp-json\/wp\/v2\/pages\/2236\/revisions"}],"wp:attachment":[{"href":"https:\/\/hostalrm.com\/fr\/wp-json\/wp\/v2\/media?parent=2236"}],"curies":[{"name":"wp","href":"https:\/\/api.w.org\/{rel}","templated":true}]}}