{"id":2230,"date":"2021-02-11T13:11:52","date_gmt":"2021-02-11T13:11:52","guid":{"rendered":"https:\/\/hostalrm.com\/privacy-policy\/"},"modified":"2021-08-17T16:59:46","modified_gmt":"2021-08-17T16:59:46","slug":"politique-de-confidentialite","status":"publish","type":"page","link":"https:\/\/hostalrm.com\/fr\/politique-de-confidentialite\/","title":{"rendered":"Politique de confidentialit\u00e9"},"content":{"rendered":"<div class=\"wpb-content-wrapper\"><p>[vc_row][vc_column][vc_column_text]REAL MAQUEDA SWEET HOME, S.L.<\/p>\n<p>Informations concernant le traitement de vos donn\u00e9es personnelles<br \/>\nConform\u00e9ment aux dispositions de la r\u00e9glementation en vigueur sur la protection des donn\u00e9es personnelles, nous vous informons :<\/p>\n<p><strong>Responsable :<\/strong><br \/>\n&#8211; REAL MAQUEDA SWEET HOME, S.L. avec C.I.F : B93.551.836<br \/>\n&#8211; Adresse : C\/ CALZADA DE LA TRINIDAD, 8 LOCAL 1 29009 &#8211; M\u00e1laga ( M\u00c1LAGA )<br \/>\n&#8211; Courriel : hostalrealmaqueda@gmail.com<\/p>\n<p><strong>Finalit\u00e9 du traitement :<\/strong> REAL MAQUEDA SWEET HOME, S.L. collecte vos donn\u00e9es afin de g\u00e9rer tous les services d&rsquo;h\u00e9bergement et de logement dans l&rsquo;auberge. Nous avons mis en \u0153uvre les mesures techniques et organisationnelles n\u00e9cessaires pour garantir la s\u00e9curit\u00e9, la confidentialit\u00e9 et l&rsquo;int\u00e9grit\u00e9 des donn\u00e9es personnelles que nous traitons.<\/p>\n<p><strong>R\u00e9tention :<\/strong> Les donn\u00e9es seront conserv\u00e9es pendant la dur\u00e9e de la relation contractuelle, ou jusqu&rsquo;\u00e0 ce que vous nous demandiez d&rsquo;annuler votre adh\u00e9sion en tant que client, et pendant les p\u00e9riodes requises par la loi pour faire face \u00e0 toute responsabilit\u00e9 une fois la relation termin\u00e9e.<\/p>\n<p><strong>L\u00e9gitimation :<\/strong> La base juridique du traitement de vos donn\u00e9es est l&rsquo;ex\u00e9cution d&rsquo;un contrat.<\/p>\n<p><strong>Destinataires :<\/strong> Vos donn\u00e9es personnelles peuvent \u00eatre communiqu\u00e9es \u00e0 des organisations ou des personnes directement li\u00e9es au responsable, aux Forces et Organismes de S\u00e9curit\u00e9 et, en g\u00e9n\u00e9ral, aux entit\u00e9s li\u00e9es \u00e0 l&rsquo;ex\u00e9cution des obligations contract\u00e9es.<\/p>\n<p><strong>Droits :<\/strong> Lorsque vous nous communiquez vos donn\u00e9es, vous pouvez exercer vos droits d&rsquo;acc\u00e8s, de rectification, d&rsquo;effacement, de portabilit\u00e9, de limitation et d&rsquo;opposition. Vous avez \u00e9galement le droit de vous opposer \u00e0 la r\u00e9ception de nos communications et de r\u00e9voquer votre consentement \u00e0 tout moment. Ces droits sont exerc\u00e9s aupr\u00e8s du responsable susmentionn\u00e9, \u00e0 l&rsquo;adresse \u00e9lectronique et \u00e0 l&rsquo;adresse postale indiqu\u00e9es. Si vous ne recevez pas de r\u00e9ponse de notre part en temps et en forme, ou si vous ne trouvez pas la r\u00e9ponse satisfaisante, nous vous informons que l&rsquo;autorit\u00e9 de contr\u00f4le comp\u00e9tente est l&rsquo;Agence espagnole de protection des donn\u00e9es (www.aepd.es).[\/vc_column_text][\/vc_column][\/vc_row]<\/p>\n<\/div>","protected":false},"excerpt":{"rendered":"<p>[vc_row][vc_column][vc_column_text]REAL MAQUEDA SWEET HOME, S.L. Informations concernant le traitement de vos donn\u00e9es personnelles Conform\u00e9ment aux dispositions de la r\u00e9glementation en vigueur sur la protection des donn\u00e9es personnelles, nous vous informons : Responsable : &#8211; REAL MAQUEDA SWEET HOME, S.L. avec C.I.F : B93.551.836 &#8211; Adresse : C\/ CALZADA DE LA TRINIDAD, 8 LOCAL 1 29009&hellip;<\/p>\n","protected":false},"author":1,"featured_media":0,"parent":0,"menu_order":0,"comment_status":"closed","ping_status":"closed","template":"","meta":{"footnotes":""},"class_list":["post-2230","page","type-page","status-publish","hentry","description-off"],"yoast_head":"<!-- This site is optimized with the Yoast SEO plugin v26.9 - https:\/\/yoast.com\/product\/yoast-seo-wordpress\/ -->\n<title>Politique de confidentialit\u00e9 - Hostal Real Maqueda<\/title>\n<meta name=\"robots\" content=\"index, follow, max-snippet:-1, max-image-preview:large, max-video-preview:-1\" \/>\n<link rel=\"canonical\" href=\"https:\/\/hostalrm.com\/fr\/politique-de-confidentialite\/\" \/>\n<meta property=\"og:locale\" content=\"fr_FR\" \/>\n<meta property=\"og:type\" content=\"article\" \/>\n<meta property=\"og:title\" content=\"Politique de confidentialit\u00e9 - Hostal Real Maqueda\" \/>\n<meta property=\"og:description\" content=\"[vc_row][vc_column][vc_column_text]REAL MAQUEDA SWEET HOME, S.L. Informations concernant le traitement de vos donn\u00e9es personnelles Conform\u00e9ment aux dispositions de la r\u00e9glementation en vigueur sur la protection des donn\u00e9es personnelles, nous vous informons : Responsable : &#8211; REAL MAQUEDA SWEET HOME, S.L. avec C.I.F : B93.551.836 &#8211; Adresse : C\/ CALZADA DE LA TRINIDAD, 8 LOCAL 1 29009&hellip;\" \/>\n<meta property=\"og:url\" content=\"https:\/\/hostalrm.com\/fr\/politique-de-confidentialite\/\" \/>\n<meta property=\"og:site_name\" content=\"Hostal Real Maqueda\" \/>\n<meta property=\"article:modified_time\" content=\"2021-08-17T16:59:46+00:00\" \/>\n<meta name=\"twitter:card\" content=\"summary_large_image\" \/>\n<meta name=\"twitter:label1\" content=\"Dur\u00e9e de lecture estim\u00e9e\" \/>\n\t<meta name=\"twitter:data1\" content=\"2 minutes\" \/>\n<script type=\"application\/ld+json\" class=\"yoast-schema-graph\">{\"@context\":\"https:\/\/schema.org\",\"@graph\":[{\"@type\":\"WebPage\",\"@id\":\"https:\/\/hostalrm.com\/fr\/politique-de-confidentialite\/\",\"url\":\"https:\/\/hostalrm.com\/fr\/politique-de-confidentialite\/\",\"name\":\"Politique de confidentialit\u00e9 - Hostal Real Maqueda\",\"isPartOf\":{\"@id\":\"https:\/\/hostalrm.com\/fr\/#website\"},\"datePublished\":\"2021-02-11T13:11:52+00:00\",\"dateModified\":\"2021-08-17T16:59:46+00:00\",\"breadcrumb\":{\"@id\":\"https:\/\/hostalrm.com\/fr\/politique-de-confidentialite\/#breadcrumb\"},\"inLanguage\":\"fr-FR\",\"potentialAction\":[{\"@type\":\"ReadAction\",\"target\":[\"https:\/\/hostalrm.com\/fr\/politique-de-confidentialite\/\"]}]},{\"@type\":\"BreadcrumbList\",\"@id\":\"https:\/\/hostalrm.com\/fr\/politique-de-confidentialite\/#breadcrumb\",\"itemListElement\":[{\"@type\":\"ListItem\",\"position\":1,\"name\":\"Portada\",\"item\":\"https:\/\/hostalrm.com\/fr\/\"},{\"@type\":\"ListItem\",\"position\":2,\"name\":\"Politique de confidentialit\u00e9\"}]},{\"@type\":\"WebSite\",\"@id\":\"https:\/\/hostalrm.com\/fr\/#website\",\"url\":\"https:\/\/hostalrm.com\/fr\/\",\"name\":\"Hostal Real Maqueda\",\"description\":\"Hostal Real Maqueda en M\u00e1laga\",\"potentialAction\":[{\"@type\":\"SearchAction\",\"target\":{\"@type\":\"EntryPoint\",\"urlTemplate\":\"https:\/\/hostalrm.com\/fr\/?s={search_term_string}\"},\"query-input\":{\"@type\":\"PropertyValueSpecification\",\"valueRequired\":true,\"valueName\":\"search_term_string\"}}],\"inLanguage\":\"fr-FR\"}]}<\/script>\n<!-- \/ Yoast SEO plugin. -->","yoast_head_json":{"title":"Politique de confidentialit\u00e9 - Hostal Real Maqueda","robots":{"index":"index","follow":"follow","max-snippet":"max-snippet:-1","max-image-preview":"max-image-preview:large","max-video-preview":"max-video-preview:-1"},"canonical":"https:\/\/hostalrm.com\/fr\/politique-de-confidentialite\/","og_locale":"fr_FR","og_type":"article","og_title":"Politique de confidentialit\u00e9 - Hostal Real Maqueda","og_description":"[vc_row][vc_column][vc_column_text]REAL MAQUEDA SWEET HOME, S.L. Informations concernant le traitement de vos donn\u00e9es personnelles Conform\u00e9ment aux dispositions de la r\u00e9glementation en vigueur sur la protection des donn\u00e9es personnelles, nous vous informons : Responsable : &#8211; REAL MAQUEDA SWEET HOME, S.L. avec C.I.F : B93.551.836 &#8211; Adresse : C\/ CALZADA DE LA TRINIDAD, 8 LOCAL 1 29009&hellip;","og_url":"https:\/\/hostalrm.com\/fr\/politique-de-confidentialite\/","og_site_name":"Hostal Real Maqueda","article_modified_time":"2021-08-17T16:59:46+00:00","twitter_card":"summary_large_image","twitter_misc":{"Dur\u00e9e de lecture estim\u00e9e":"2 minutes"},"schema":{"@context":"https:\/\/schema.org","@graph":[{"@type":"WebPage","@id":"https:\/\/hostalrm.com\/fr\/politique-de-confidentialite\/","url":"https:\/\/hostalrm.com\/fr\/politique-de-confidentialite\/","name":"Politique de confidentialit\u00e9 - Hostal Real Maqueda","isPartOf":{"@id":"https:\/\/hostalrm.com\/fr\/#website"},"datePublished":"2021-02-11T13:11:52+00:00","dateModified":"2021-08-17T16:59:46+00:00","breadcrumb":{"@id":"https:\/\/hostalrm.com\/fr\/politique-de-confidentialite\/#breadcrumb"},"inLanguage":"fr-FR","potentialAction":[{"@type":"ReadAction","target":["https:\/\/hostalrm.com\/fr\/politique-de-confidentialite\/"]}]},{"@type":"BreadcrumbList","@id":"https:\/\/hostalrm.com\/fr\/politique-de-confidentialite\/#breadcrumb","itemListElement":[{"@type":"ListItem","position":1,"name":"Portada","item":"https:\/\/hostalrm.com\/fr\/"},{"@type":"ListItem","position":2,"name":"Politique de confidentialit\u00e9"}]},{"@type":"WebSite","@id":"https:\/\/hostalrm.com\/fr\/#website","url":"https:\/\/hostalrm.com\/fr\/","name":"Hostal Real Maqueda","description":"Hostal Real Maqueda en M\u00e1laga","potentialAction":[{"@type":"SearchAction","target":{"@type":"EntryPoint","urlTemplate":"https:\/\/hostalrm.com\/fr\/?s={search_term_string}"},"query-input":{"@type":"PropertyValueSpecification","valueRequired":true,"valueName":"search_term_string"}}],"inLanguage":"fr-FR"}]}},"_links":{"self":[{"href":"https:\/\/hostalrm.com\/fr\/wp-json\/wp\/v2\/pages\/2230","targetHints":{"allow":["GET"]}}],"collection":[{"href":"https:\/\/hostalrm.com\/fr\/wp-json\/wp\/v2\/pages"}],"about":[{"href":"https:\/\/hostalrm.com\/fr\/wp-json\/wp\/v2\/types\/page"}],"author":[{"embeddable":true,"href":"https:\/\/hostalrm.com\/fr\/wp-json\/wp\/v2\/users\/1"}],"replies":[{"embeddable":true,"href":"https:\/\/hostalrm.com\/fr\/wp-json\/wp\/v2\/comments?post=2230"}],"version-history":[{"count":0,"href":"https:\/\/hostalrm.com\/fr\/wp-json\/wp\/v2\/pages\/2230\/revisions"}],"wp:attachment":[{"href":"https:\/\/hostalrm.com\/fr\/wp-json\/wp\/v2\/media?parent=2230"}],"curies":[{"name":"wp","href":"https:\/\/api.w.org\/{rel}","templated":true}]}}